{"id":314,"date":"2020-07-03T13:35:54","date_gmt":"2020-07-03T11:35:54","guid":{"rendered":"https:\/\/crossroads-bis-2024.hi-deutschland-projekte.de\/crossroads\/?page_id=314"},"modified":"2022-02-07T15:44:36","modified_gmt":"2022-02-07T14:44:36","slug":"barrierefreiheit","status":"publish","type":"page","link":"https:\/\/crossroads-bis-2024.hi-deutschland-projekte.de\/crossroads\/barrierefreiheit\/","title":{"rendered":"Barrierefreiheit"},"content":{"rendered":"\n<h1>\n\t\tBarrierefreiheit\n\t<\/h1>\n\t<h2><strong>Erkl\u00e4rung zur Barrierefreiheit<\/strong><\/h2>\n<p>Die Projektwebsite wurde unter Ber\u00fccksichtigung der Bed\u00fcrfnisse von Menschen mit Behinderungen konzipiert und entwickelt. Dazu geh\u00f6ren Menschen mit Seh-, H\u00f6r-, Mobilit\u00e4ts- und kognitiven Beeintr\u00e4chtigungen. Gleichzeitig profitieren auch \u00e4ltere Menschen, mobile Nutzer*innen und Nicht-Muttersprachler*innen von einer barrierearmen Website. Um die Zug\u00e4nglichkeit der Inhalte zu gew\u00e4hrleisten, haben wir bei der Entwicklung dieser Website das Ziel verfolgt, die Standardstufe AA bis AAA der <a href=\"https:\/\/www.w3.org\/Translations\/WCAG20-de\/\" target=\"_blank\" rel=\"noopener\">Web Content Accessibility Guidelines (<abbr>WCAG<\/abbr>) 2.0<\/a> zu erf\u00fcllen.<\/p>\n<p>WCAG ist ein vom World Wide Web Consortium (W3C) ver\u00f6ffentlichter technischer Standard, der Seitenautoren und Website-Designer bei der Erstellung einer zug\u00e4nglichen Website anleitet.<\/p>\n<h2>Barriere melden<\/h2>\n<p>Wir arbeiten st\u00e4ndig daran, die Zug\u00e4nglichkeit und Benutzerfreundlichkeit der Website zu verbessern. Wenn Sie Anmerkungen und\/oder Vorschl\u00e4ge zu unserer Website haben oder wenn Sie bei der Nutzung unserer Website Probleme mit der Zug\u00e4nglichkeit haben, teilen Sie uns dies bitte schriftlich unter m.tebarth@hi.org mit.<\/p>\n<p>&nbsp;<\/p>\n<h2>Bild-Alternativtext und Zug\u00e4nglichkeit<\/h2>\n<p>Wir verwenden Alt-Text nur dort, wo ein Bild wesentliche Informationen f\u00fcr die Bedeutung der Webseite vermittelt &#8211; zum Beispiel bei einer Infografik oder einem Diagramm mit statistischen Zahlen. Wo ein Bild rein dekorativ ist, verwenden wir keinen Alt-Text, da es sich dabei um \u00fcberfl\u00fcssige Informationen und zus\u00e4tzliches &#8220;Rauschen&#8221; handelt, das von den wesentlichen Informationen auf einer Seite ablenkt, wenn ein Screenreader verwendet wird.<\/p>\n<p>Es gibt au\u00dferdem die M\u00f6glichkeit den Kontrast und die Schriftgr\u00f6\u00dfe im oberen Teil der Webseite (Kopfbereich) zu ver\u00e4ndern. Gleichzeitig m\u00f6chten wir darauf hinweisen, dass eine <a href=\"https:\/\/crossroads-bis-2024.hi-deutschland-projekte.de\/crossroads\/leichte-sprache\/\">Projektbeschreibung in Einfacher Sprache<\/a> zur Verf\u00fcgung steht. Au\u00dferdem finden Sie weiter unten auf dieser Seite ein kurzes Erkl\u00e4rvideo der Projektinhalte in deutscher Geb\u00e4rdensprache.<\/p>\n<h2>Projektinformationen in Deutscher Geb\u00e4rdensprache<\/h2>\n<p>Nachfolgend finden Sie eine Projektbeschreibung von Crossroads in Deutscher Geb\u00e4rdensprache mit deutschen Untertiteln.<\/p>\n<div style=\"width: 640px;\" class=\"wp-video\"><!--[if lt IE 9]><script>document.createElement('video');<\/script><![endif]-->\n<video class=\"wp-video-shortcode\" id=\"video-314-1\" width=\"640\" height=\"360\" preload=\"metadata\" controls=\"controls\"><source type=\"video\/mp4\" src=\"https:\/\/crossroads-bis-2024.hi-deutschland-projekte.de\/crossroads\/wp-content\/uploads\/sites\/3\/2020\/10\/crossroads_neu_2_mit-ut.mp4?_=1\" \/><a href=\"https:\/\/crossroads-bis-2024.hi-deutschland-projekte.de\/crossroads\/wp-content\/uploads\/sites\/3\/2020\/10\/crossroads_neu_2_mit-ut.mp4\">https:\/\/crossroads-bis-2024.hi-deutschland-projekte.de\/crossroads\/wp-content\/uploads\/sites\/3\/2020\/10\/crossroads_neu_2_mit-ut.mp4<\/a><\/video><\/div>\n<p><a href=\"https:\/\/crossroads-bis-2024.hi-deutschland-projekte.de\/crossroads\/wp-content\/uploads\/sites\/3\/2020\/10\/crossroads_neu_2_mit-ut.mp4\" target=\"_blank\" rel=\"noopener\">Download: Video zu Projektinformationen &#8220;Crossroads&#8221; in Deutscher Geb\u00e4rdensprache (MP4-Datei, 910 MB, 05:48 min)<\/a><\/p>\n<h2>Diese Website testen<\/h2>\n<p>Wir versuchen unser Bestes, um sicherzustellen und zu testen, dass unsere Website mit einer Reihe von Browserversion und Betriebssystemversionen zug\u00e4nglich ist. Wir k\u00f6nnen uns jedoch nicht dazu verpflichten.<\/p>\n<p>Bitte z\u00f6gern Sie nicht, uns \u00fcber m.tebarth@hi.org zu erreichen, falls Sie Fragen oder Anregungen zur Zug\u00e4nglichkeit der Projektwebsite haben.<\/p>\n\n","protected":false},"excerpt":{"rendered":"<p>Barrierefreiheit Erkl\u00e4rung zur Barrierefreiheit Die Projektwebsite wurde unter Ber\u00fccksichtigung der Bed\u00fcrfnisse von Menschen mit Behinderungen konzipiert und entwickelt. Dazu geh\u00f6ren Menschen mit Seh-, H\u00f6r-, Mobilit\u00e4ts- und kognitiven Beeintr\u00e4chtigungen. Gleichzeitig profitieren auch \u00e4ltere Menschen, mobile Nutzer*innen und Nicht-Muttersprachler*innen von einer barrierearmen Website. Um die Zug\u00e4nglichkeit der Inhalte zu gew\u00e4hrleisten, haben wir bei der Entwicklung dieser Website [&hellip;]<\/p>\n","protected":false},"author":1,"featured_media":0,"parent":0,"menu_order":0,"comment_status":"closed","ping_status":"closed","template":"","meta":{"episode_type":"","audio_file":"","transcript_file":"","cover_image":"","cover_image_id":"","duration":"","filesize":"","date_recorded":"","explicit":"","block":"","filesize_raw":"","footnotes":""},"yoast_head":"<!-- This site is optimized with the Yoast SEO plugin v22.5 - https:\/\/yoast.com\/wordpress\/plugins\/seo\/ -->\n<title>Barrierefreiheit - [\ud83d\udd70 ALT] Crossroads bis 2024<\/title>\n<meta name=\"robots\" content=\"index, follow, max-snippet:-1, max-image-preview:large, max-video-preview:-1\" \/>\n<link rel=\"canonical\" href=\"https:\/\/crossroads-bis-2024.hi-deutschland-projekte.de\/crossroads\/barrierefreiheit\/\" \/>\n<meta property=\"og:locale\" content=\"de_DE\" \/>\n<meta property=\"og:type\" content=\"article\" \/>\n<meta property=\"og:title\" content=\"Barrierefreiheit - [\ud83d\udd70 ALT] Crossroads bis 2024\" \/>\n<meta property=\"og:description\" content=\"Barrierefreiheit Erkl\u00e4rung zur Barrierefreiheit Die Projektwebsite wurde unter Ber\u00fccksichtigung der Bed\u00fcrfnisse von Menschen mit Behinderungen konzipiert und entwickelt. Dazu geh\u00f6ren Menschen mit Seh-, H\u00f6r-, Mobilit\u00e4ts- und kognitiven Beeintr\u00e4chtigungen. Gleichzeitig profitieren auch \u00e4ltere Menschen, mobile Nutzer*innen und Nicht-Muttersprachler*innen von einer barrierearmen Website. Um die Zug\u00e4nglichkeit der Inhalte zu gew\u00e4hrleisten, haben wir bei der Entwicklung dieser Website [&hellip;]\" \/>\n<meta property=\"og:url\" content=\"https:\/\/crossroads-bis-2024.hi-deutschland-projekte.de\/crossroads\/barrierefreiheit\/\" \/>\n<meta property=\"og:site_name\" content=\"[\ud83d\udd70 ALT] Crossroads bis 2024\" \/>\n<meta property=\"article:modified_time\" content=\"2022-02-07T14:44:36+00:00\" \/>\n<meta name=\"twitter:card\" content=\"summary_large_image\" \/>\n<meta name=\"twitter:label1\" content=\"Gesch\u00e4tzte Lesezeit\" \/>\n\t<meta name=\"twitter:data1\" content=\"2\u00a0Minuten\" \/>\n<script type=\"application\/ld+json\" class=\"yoast-schema-graph\">{\"@context\":\"https:\/\/schema.org\",\"@graph\":[{\"@type\":\"WebPage\",\"@id\":\"https:\/\/crossroads-bis-2024.hi-deutschland-projekte.de\/crossroads\/barrierefreiheit\/\",\"url\":\"https:\/\/crossroads-bis-2024.hi-deutschland-projekte.de\/crossroads\/barrierefreiheit\/\",\"name\":\"Barrierefreiheit - [\ud83d\udd70 ALT] Crossroads bis 2024\",\"isPartOf\":{\"@id\":\"https:\/\/crossroads-bis-2024.hi-deutschland-projekte.de\/crossroads\/#website\"},\"datePublished\":\"2020-07-03T11:35:54+00:00\",\"dateModified\":\"2022-02-07T14:44:36+00:00\",\"breadcrumb\":{\"@id\":\"https:\/\/crossroads-bis-2024.hi-deutschland-projekte.de\/crossroads\/barrierefreiheit\/#breadcrumb\"},\"inLanguage\":\"de\",\"potentialAction\":[{\"@type\":\"ReadAction\",\"target\":[\"https:\/\/crossroads-bis-2024.hi-deutschland-projekte.de\/crossroads\/barrierefreiheit\/\"]}]},{\"@type\":\"BreadcrumbList\",\"@id\":\"https:\/\/crossroads-bis-2024.hi-deutschland-projekte.de\/crossroads\/barrierefreiheit\/#breadcrumb\",\"itemListElement\":[{\"@type\":\"ListItem\",\"position\":1,\"name\":\"Startseite\",\"item\":\"https:\/\/crossroads-bis-2024.hi-deutschland-projekte.de\/crossroads\/\"},{\"@type\":\"ListItem\",\"position\":2,\"name\":\"Barrierefreiheit\"}]},{\"@type\":\"WebSite\",\"@id\":\"https:\/\/crossroads-bis-2024.hi-deutschland-projekte.de\/crossroads\/#website\",\"url\":\"https:\/\/crossroads-bis-2024.hi-deutschland-projekte.de\/crossroads\/\",\"name\":\"[\ud83d\udd70 ALT] Crossroads bis 2024\",\"description\":\"Eine weitere Handicap International Website\",\"publisher\":{\"@id\":\"https:\/\/crossroads-bis-2024.hi-deutschland-projekte.de\/crossroads\/#organization\"},\"potentialAction\":[{\"@type\":\"SearchAction\",\"target\":{\"@type\":\"EntryPoint\",\"urlTemplate\":\"https:\/\/crossroads-bis-2024.hi-deutschland-projekte.de\/crossroads\/?s={search_term_string}\"},\"query-input\":\"required name=search_term_string\"}],\"inLanguage\":\"de\"},{\"@type\":\"Organization\",\"@id\":\"https:\/\/crossroads-bis-2024.hi-deutschland-projekte.de\/crossroads\/#organization\",\"name\":\"[\ud83d\udd70 ALT] Crossroads bis 2024\",\"url\":\"https:\/\/crossroads-bis-2024.hi-deutschland-projekte.de\/crossroads\/\",\"logo\":{\"@type\":\"ImageObject\",\"inLanguage\":\"de\",\"@id\":\"https:\/\/crossroads-bis-2024.hi-deutschland-projekte.de\/crossroads\/#\/schema\/logo\/image\/\",\"url\":\"https:\/\/crossroads-bis-2024.hi-deutschland-projekte.de\/crossroads\/wp-content\/uploads\/sites\/3\/2021\/04\/handicap_international_logo-altewebseite3.svg\",\"contentUrl\":\"https:\/\/crossroads-bis-2024.hi-deutschland-projekte.de\/crossroads\/wp-content\/uploads\/sites\/3\/2021\/04\/handicap_international_logo-altewebseite3.svg\",\"caption\":\"[\ud83d\udd70 ALT] Crossroads bis 2024\"},\"image\":{\"@id\":\"https:\/\/crossroads-bis-2024.hi-deutschland-projekte.de\/crossroads\/#\/schema\/logo\/image\/\"}}]}<\/script>\n<!-- \/ Yoast SEO plugin. -->","yoast_head_json":{"title":"Barrierefreiheit - [\ud83d\udd70 ALT] Crossroads bis 2024","robots":{"index":"index","follow":"follow","max-snippet":"max-snippet:-1","max-image-preview":"max-image-preview:large","max-video-preview":"max-video-preview:-1"},"canonical":"https:\/\/crossroads-bis-2024.hi-deutschland-projekte.de\/crossroads\/barrierefreiheit\/","og_locale":"de_DE","og_type":"article","og_title":"Barrierefreiheit - [\ud83d\udd70 ALT] Crossroads bis 2024","og_description":"Barrierefreiheit Erkl\u00e4rung zur Barrierefreiheit Die Projektwebsite wurde unter Ber\u00fccksichtigung der Bed\u00fcrfnisse von Menschen mit Behinderungen konzipiert und entwickelt. Dazu geh\u00f6ren Menschen mit Seh-, H\u00f6r-, Mobilit\u00e4ts- und kognitiven Beeintr\u00e4chtigungen. Gleichzeitig profitieren auch \u00e4ltere Menschen, mobile Nutzer*innen und Nicht-Muttersprachler*innen von einer barrierearmen Website. Um die Zug\u00e4nglichkeit der Inhalte zu gew\u00e4hrleisten, haben wir bei der Entwicklung dieser Website [&hellip;]","og_url":"https:\/\/crossroads-bis-2024.hi-deutschland-projekte.de\/crossroads\/barrierefreiheit\/","og_site_name":"[\ud83d\udd70 ALT] Crossroads bis 2024","article_modified_time":"2022-02-07T14:44:36+00:00","twitter_card":"summary_large_image","twitter_misc":{"Gesch\u00e4tzte Lesezeit":"2\u00a0Minuten"},"schema":{"@context":"https:\/\/schema.org","@graph":[{"@type":"WebPage","@id":"https:\/\/crossroads-bis-2024.hi-deutschland-projekte.de\/crossroads\/barrierefreiheit\/","url":"https:\/\/crossroads-bis-2024.hi-deutschland-projekte.de\/crossroads\/barrierefreiheit\/","name":"Barrierefreiheit - [\ud83d\udd70 ALT] Crossroads bis 2024","isPartOf":{"@id":"https:\/\/crossroads-bis-2024.hi-deutschland-projekte.de\/crossroads\/#website"},"datePublished":"2020-07-03T11:35:54+00:00","dateModified":"2022-02-07T14:44:36+00:00","breadcrumb":{"@id":"https:\/\/crossroads-bis-2024.hi-deutschland-projekte.de\/crossroads\/barrierefreiheit\/#breadcrumb"},"inLanguage":"de","potentialAction":[{"@type":"ReadAction","target":["https:\/\/crossroads-bis-2024.hi-deutschland-projekte.de\/crossroads\/barrierefreiheit\/"]}]},{"@type":"BreadcrumbList","@id":"https:\/\/crossroads-bis-2024.hi-deutschland-projekte.de\/crossroads\/barrierefreiheit\/#breadcrumb","itemListElement":[{"@type":"ListItem","position":1,"name":"Startseite","item":"https:\/\/crossroads-bis-2024.hi-deutschland-projekte.de\/crossroads\/"},{"@type":"ListItem","position":2,"name":"Barrierefreiheit"}]},{"@type":"WebSite","@id":"https:\/\/crossroads-bis-2024.hi-deutschland-projekte.de\/crossroads\/#website","url":"https:\/\/crossroads-bis-2024.hi-deutschland-projekte.de\/crossroads\/","name":"[\ud83d\udd70 ALT] Crossroads bis 2024","description":"Eine weitere Handicap International Website","publisher":{"@id":"https:\/\/crossroads-bis-2024.hi-deutschland-projekte.de\/crossroads\/#organization"},"potentialAction":[{"@type":"SearchAction","target":{"@type":"EntryPoint","urlTemplate":"https:\/\/crossroads-bis-2024.hi-deutschland-projekte.de\/crossroads\/?s={search_term_string}"},"query-input":"required name=search_term_string"}],"inLanguage":"de"},{"@type":"Organization","@id":"https:\/\/crossroads-bis-2024.hi-deutschland-projekte.de\/crossroads\/#organization","name":"[\ud83d\udd70 ALT] Crossroads bis 2024","url":"https:\/\/crossroads-bis-2024.hi-deutschland-projekte.de\/crossroads\/","logo":{"@type":"ImageObject","inLanguage":"de","@id":"https:\/\/crossroads-bis-2024.hi-deutschland-projekte.de\/crossroads\/#\/schema\/logo\/image\/","url":"https:\/\/crossroads-bis-2024.hi-deutschland-projekte.de\/crossroads\/wp-content\/uploads\/sites\/3\/2021\/04\/handicap_international_logo-altewebseite3.svg","contentUrl":"https:\/\/crossroads-bis-2024.hi-deutschland-projekte.de\/crossroads\/wp-content\/uploads\/sites\/3\/2021\/04\/handicap_international_logo-altewebseite3.svg","caption":"[\ud83d\udd70 ALT] Crossroads bis 2024"},"image":{"@id":"https:\/\/crossroads-bis-2024.hi-deutschland-projekte.de\/crossroads\/#\/schema\/logo\/image\/"}}]}},"_links":{"self":[{"href":"https:\/\/crossroads-bis-2024.hi-deutschland-projekte.de\/crossroads\/wp-json\/wp\/v2\/pages\/314"}],"collection":[{"href":"https:\/\/crossroads-bis-2024.hi-deutschland-projekte.de\/crossroads\/wp-json\/wp\/v2\/pages"}],"about":[{"href":"https:\/\/crossroads-bis-2024.hi-deutschland-projekte.de\/crossroads\/wp-json\/wp\/v2\/types\/page"}],"author":[{"embeddable":true,"href":"https:\/\/crossroads-bis-2024.hi-deutschland-projekte.de\/crossroads\/wp-json\/wp\/v2\/users\/1"}],"replies":[{"embeddable":true,"href":"https:\/\/crossroads-bis-2024.hi-deutschland-projekte.de\/crossroads\/wp-json\/wp\/v2\/comments?post=314"}],"version-history":[{"count":18,"href":"https:\/\/crossroads-bis-2024.hi-deutschland-projekte.de\/crossroads\/wp-json\/wp\/v2\/pages\/314\/revisions"}],"predecessor-version":[{"id":3143,"href":"https:\/\/crossroads-bis-2024.hi-deutschland-projekte.de\/crossroads\/wp-json\/wp\/v2\/pages\/314\/revisions\/3143"}],"wp:attachment":[{"href":"https:\/\/crossroads-bis-2024.hi-deutschland-projekte.de\/crossroads\/wp-json\/wp\/v2\/media?parent=314"}],"curies":[{"name":"wp","href":"https:\/\/api.w.org\/{rel}","templated":true}]}}